{"id":971,"date":"2023-02-04T23:49:13","date_gmt":"2023-02-04T23:49:13","guid":{"rendered":"https:\/\/aruinadourada.com\/gdavini\/?page_id=971"},"modified":"2023-02-14T04:40:50","modified_gmt":"2023-02-14T04:40:50","slug":"tabletop-history","status":"publish","type":"page","link":"https:\/\/aruinadourada.com\/gdavini\/tabletop-history\/","title":{"rendered":"Tabletop History"},"content":{"rendered":"<div class=\"wpb-content-wrapper\"><p>[vc_row][vc_column width=&#8221;1\/2&#8243;][vc_column_text]<\/p>\n<p style=\"text-align: justify;\"><span style=\"color: #000000;\"><strong>Tabletop History<\/strong> \u00e9 uma plataforma digital de gamifica\u00e7\u00e3o dedicada ao ensino de Hist\u00f3ria em associa\u00e7\u00e3o com a escrita de narrativas em l\u00edngua Portuguesa. A plataforma simula um ambiente digital 3D de tabuleiro e prop\u00f5e aos jogadores a resolu\u00e7\u00e3o de um mist\u00e9rio, coletando-se pistas: cada mist\u00e9rio \u00e9 \u00fanico e os alunos recebem a tarefa de criar seus pr\u00f3prios cen\u00e1rios, explorando temas ligados ao conte\u00fado did\u00e1tico da sala de aula, e compartilh\u00e1-los com os colegas.<\/span><\/p>\n<p style=\"text-align: justify;\"><span style=\"color: #000000;\">A plataforma foi produzida como o trabalho de conclus\u00e3o de curso de p\u00f3s-gradua\u00e7\u00e3o &#8220;Metodologias Ativas para uma Educa\u00e7\u00e3o Inovadora&#8221;, do <a href=\"https:\/\/institutosingularidades.edu.br\/\" target=\"_blank\" rel=\"noopener\"><span style=\"color: #0000ff;\">Instituto Singularidades<\/span><\/a>. Ela foi elaborada atrav\u00e9s da articula\u00e7\u00e3o das \u00e1reas de pedagogia e game design e firmada nas bases te\u00f3ricas das metodologias ativas, em especial gamifica\u00e7\u00e3o e storytelling, valendo-se de conceitos como personaliza\u00e7\u00e3o do ensino, uso da tecnologia em sala de aula, aprendizagem significativa, progress\u00e3o e level design, imers\u00e3o e estado de Flow e conflito, coopera\u00e7\u00e3o e competi\u00e7\u00e3o.<\/span><\/p>\n<p style=\"text-align: justify;\"><span style=\"color: #000000;\">O resultado do trabalho aponta para o potencial crescente dos jogos e da gamifica\u00e7\u00e3o dentro das metodologias ativas na educa\u00e7\u00e3o e do poder da articula\u00e7\u00e3o de \u00e1reas distintas do conhecimento por um objetivo em comum.<\/span><\/p>\n<p>[\/vc_column_text][\/vc_column][vc_column width=&#8221;1\/2&#8243;]<div class=\"edgt-iwt-over edgt-enable-hover-animation\">\n\t\t\t<a href=\"https:\/\/gdaviniserver.aruinadourada.com\/gdavini\/WEBGL%20Build\/\" target=\"_blank\"><\/a>\n\t\t<div class=\"edgt-image-holder\">\n\t\t<img loading=\"lazy\" decoding=\"async\" width=\"754\" height=\"471\" src=\"https:\/\/aruinadourada.com\/gdavini\/wp-content\/uploads\/sites\/2\/2023\/02\/TCC-Metodologias-Ativas-Gabriel-Davini-de-Siqueira-Small.jpg\" class=\"attachment-full size-full\" alt=\"\" srcset=\"https:\/\/aruinadourada.com\/gdavini\/wp-content\/uploads\/sites\/2\/2023\/02\/TCC-Metodologias-Ativas-Gabriel-Davini-de-Siqueira-Small.jpg 754w, https:\/\/aruinadourada.com\/gdavini\/wp-content\/uploads\/sites\/2\/2023\/02\/TCC-Metodologias-Ativas-Gabriel-Davini-de-Siqueira-Small-300x187.jpg 300w\" sizes=\"auto, (max-width: 754px) 100vw, 754px\" \/>\t<\/div>\n\t<div class=\"edgt-text-holder\" >\n\t\t<div class=\"edgt-text-holder-table\">\n\t\t\t<div class=\"edgt-text-holder-cell\">\n\t\t\t\t<h3 class=\"edgt-iwt-text\">\n\t\t\t\t\tAcessar a Plataforma\t\t\t\t<\/h3>\n\t\t\t<\/div>\n\t\t<\/div>\n\t<\/div>\n<\/div>[vc_empty_space]<a href=\"http:\/\/aruinadourada.com\/gdavini\/wp-content\/uploads\/sites\/2\/2023\/02\/tabletop-history-design-de-uma-plataforma-de-gamificacao-para-o-ensino-de-historia.pdf\"\n   target=\"_blank\"  class=\"edgt-btn edgt-btn-outline edgt-btn-huge-full-width edgt-btn-icon edgt-btn-hover-solid\"  >\n\t<span class=\"edgt-btn-text\">Ler a Monografia<\/span>\n\t\n\t\t\t<span class=\"edgt-btn-icon-holder\" >\n\t\t\t<i class=\"edgt-icon-font-awesome fa fa-file-pdf-o edgt-btn-icon-elem\" ><\/i>\t\t<\/span>\n\t\n\t\t\t<span class=\"edgt-btn-helper\" ><\/span>\n\t<\/a>[\/vc_column][\/vc_row]<\/p>\n<\/div>","protected":false},"excerpt":{"rendered":"<p>[vc_row][vc_column width=&#8221;1\/2&#8243;][vc_column_text] Tabletop History \u00e9 uma plataforma digital de gamifica\u00e7\u00e3o dedicada ao ensino de Hist\u00f3ria em associa\u00e7\u00e3o com a escrita de narrativas em l\u00edngua Portuguesa. A plataforma simula um ambiente digital 3D de tabuleiro e prop\u00f5e aos jogadores a resolu\u00e7\u00e3o de um mist\u00e9rio, coletando-se pistas:&#8230;<\/p>\n","protected":false},"author":1,"featured_media":0,"parent":0,"menu_order":0,"comment_status":"closed","ping_status":"closed","template":"","meta":{"footnotes":""},"class_list":["post-971","page","type-page","status-publish","hentry"],"_links":{"self":[{"href":"https:\/\/aruinadourada.com\/gdavini\/wp-json\/wp\/v2\/pages\/971","targetHints":{"allow":["GET"]}}],"collection":[{"href":"https:\/\/aruinadourada.com\/gdavini\/wp-json\/wp\/v2\/pages"}],"about":[{"href":"https:\/\/aruinadourada.com\/gdavini\/wp-json\/wp\/v2\/types\/page"}],"author":[{"embeddable":true,"href":"https:\/\/aruinadourada.com\/gdavini\/wp-json\/wp\/v2\/users\/1"}],"replies":[{"embeddable":true,"href":"https:\/\/aruinadourada.com\/gdavini\/wp-json\/wp\/v2\/comments?post=971"}],"version-history":[{"count":23,"href":"https:\/\/aruinadourada.com\/gdavini\/wp-json\/wp\/v2\/pages\/971\/revisions"}],"predecessor-version":[{"id":1323,"href":"https:\/\/aruinadourada.com\/gdavini\/wp-json\/wp\/v2\/pages\/971\/revisions\/1323"}],"wp:attachment":[{"href":"https:\/\/aruinadourada.com\/gdavini\/wp-json\/wp\/v2\/media?parent=971"}],"curies":[{"name":"wp","href":"https:\/\/api.w.org\/{rel}","templated":true}]}}