{"id":2,"date":"2023-01-26T20:57:01","date_gmt":"2023-01-26T20:57:01","guid":{"rendered":"https:\/\/aruinadourada.com\/gdavini\/?page_id=2"},"modified":"2023-03-01T05:02:06","modified_gmt":"2023-03-01T05:02:06","slug":"pagina-exemplo","status":"publish","type":"page","link":"https:\/\/aruinadourada.com\/gdavini\/","title":{"rendered":"Gabriel Davini de Siqueira"},"content":{"rendered":"<div class=\"wpb-content-wrapper\"><p>[vc_row][vc_column width=&#8221;1\/3&#8243;][vc_single_image image=&#8221;1247&#8243; img_size=&#8221;full&#8221;][\/vc_column][vc_column width=&#8221;1\/3&#8243;][vc_empty_space height=&#8221;128px&#8221;][vc_column_text]<\/p>\n<ul>\n<li style=\"text-align: left;\"><span style=\"color: #000000; font-size: 12pt;\">Game designer, professor e escritor.<\/span><\/li>\n<li style=\"text-align: left;\"><span style=\"color: #000000; font-size: 12pt;\">Brasileiro, nascido em 1992.<\/span><\/li>\n<li style=\"text-align: left;\"><span style=\"color: #000000; font-size: 12pt;\">Localiza\u00e7\u00e3o: S\u00e3o Paulo.<\/span><\/li>\n<li style=\"text-align: left;\"><span style=\"color: #000000; font-size: 12pt;\">Idiomas: Ingl\u00eas n\u00edvel profissional (CPE).<\/span><\/li>\n<li style=\"text-align: left;\"><span style=\"color: #000000; font-size: 12pt;\">Modelo de neg\u00f3cios: MEI ( emite nota fiscal).<\/span><\/li>\n<\/ul>\n<p>[\/vc_column_text][\/vc_column][vc_column width=&#8221;1\/3&#8243;][vc_empty_space height=&#8221;128px&#8221;][vc_column_text]<\/p>\n<p style=\"text-align: justify;\"><span style=\"color: #000000;\">Formado em Game Design, especializado em metodologias ativas com foco em gamifica\u00e7\u00e3o e desenvolvedor de jogos e apps como gestor de projetos, roteirista e game designer. Hoje oferece projetos de gamifica\u00e7\u00e3o do ensino para escolas em parceria com professores, al\u00e9m de cursos de worldbuilding e storytelling. Tamb\u00e9m escreve livros e trabalha com projetos editoriais de autopublica\u00e7\u00e3o.<\/span><\/p>\n<p>[\/vc_column_text][\/vc_column][\/vc_row][vc_row][vc_column][vc_empty_space]<div class=\"edgt-separator-holder clearfix  edgt-separator-center edgt-separator-full-width\">\n\t<div class=\"edgt-separator\" style=\"border-bottom-width: 1px\"><\/div>\n<\/div>\n[vc_empty_space][\/vc_column][\/vc_row][vc_row][vc_column width=&#8221;1\/3&#8243;][vc_column_text]<strong><span style=\"color: #000000; font-size: 18pt;\">\u00c1reas de Atua\u00e7\u00e3o<\/span><\/strong><\/p>\n<p style=\"text-align: left;\"><span style=\"color: #000000;\">\u2022 Game Design<\/span><br \/>\n<span style=\"color: #000000;\">\u2022 Metodologias Ativas na Educa\u00e7\u00e3o<\/span><br \/>\n<span style=\"color: #000000;\">\u2022 Gamifica\u00e7\u00e3o do Ensino<\/span><br \/>\n<span style=\"color: #000000;\">\u2022 Cursos para Crian\u00e7as \/ Adolescentes<\/span><br \/>\n<span style=\"color: #000000;\">\u2022 Worldbuilding e Storytelling<\/span><br \/>\n<span style=\"color: #000000;\">\u2022 Escrita Criativa e Autopublica\u00e7\u00e3o de Livros<\/span><br \/>\n<span style=\"color: #000000;\">\u2022 Gest\u00e3o de Projetos<\/span><\/p>\n<p>[\/vc_column_text][\/vc_column][vc_column width=&#8221;1\/3&#8243;][vc_column_text]<strong><span style=\"color: #000000; font-size: 18pt;\">Habilidades<\/span><\/strong><\/p>\n<p style=\"text-align: left;\"><span style=\"color: #000000;\">\u2022 Aplica\u00e7\u00e3o de jogos na educa\u00e7\u00e3o<\/span><br \/>\n<span style=\"color: #000000;\">\u2022 Implementa\u00e7\u00e3o de projetos de gamifica\u00e7\u00e3o<\/span><br \/>\n<span style=\"color: #000000;\">\u2022 Experi\u00eancia com testes e prototipagem<\/span><br \/>\n<span style=\"color: #000000;\">\u2022 Gest\u00e3o e Metodologias \u00c1geis\/Scrum<\/span><br \/>\n<span style=\"color: #000000;\">\u2022 Dom\u00ednio sobre publica\u00e7\u00e3o Android e iOS<\/span><br \/>\n<span style=\"color: #000000;\">\u2022 Conhecimento de programa\u00e7\u00e3o para jogos e<\/span><br \/>\n<span style=\"color: #000000;\">aplicativos, backend e banco de dados<\/span><br \/>\n<span style=\"color: #000000;\">\u2022 Vasta experi\u00eancia como escritor<\/span><br \/>\n<span style=\"color: #000000;\">\u2022 Experi\u00eancia na \u00e1rea editorial, em especial<\/span><br \/>\n<span style=\"color: #000000;\">com autopublica\u00e7\u00e3o e financiamento coletivo<\/span><\/p>\n<p>[\/vc_column_text][\/vc_column][vc_column width=&#8221;1\/3&#8243;][vc_column_text]<strong><span style=\"color: #000000; font-size: 18pt;\">Hobbies<\/span><\/strong><\/p>\n<p style=\"text-align: left;\"><span style=\"color: #000000;\">\u2022 Escrever\/Ler livros de fic\u00e7\u00e3o<\/span><br \/>\n<span style=\"color: #000000;\">\u2022 Desenvolver projetos pessoais<br \/>\n\u2022 Filmes, s\u00e9ries e videogames<\/span><span style=\"color: #000000;\"><br \/>\n\u2022 Cultura Geek\/Otaku<br \/>\n\u2022 Jogar RPG com os amigos<br \/>\n\u2022 Viajar pelo mundo<\/span><\/p>\n<p>[\/vc_column_text][\/vc_column][\/vc_row]<\/p>\n<\/div>","protected":false},"excerpt":{"rendered":"<p>[vc_row][vc_column width=&#8221;1\/3&#8243;][vc_single_image image=&#8221;1247&#8243; img_size=&#8221;full&#8221;][\/vc_column][vc_column width=&#8221;1\/3&#8243;][vc_empty_space height=&#8221;128px&#8221;][vc_column_text] Game designer, professor e escritor. Brasileiro, nascido em 1992. Localiza\u00e7\u00e3o: S\u00e3o Paulo. Idiomas: Ingl\u00eas n\u00edvel profissional (CPE). Modelo de neg\u00f3cios: MEI ( emite nota fiscal). [\/vc_column_text][\/vc_column][vc_column width=&#8221;1\/3&#8243;][vc_empty_space height=&#8221;128px&#8221;][vc_column_text] Formado em Game Design, especializado em metodologias ativas com foco em&#8230;<\/p>\n","protected":false},"author":2,"featured_media":0,"parent":0,"menu_order":0,"comment_status":"closed","ping_status":"open","template":"","meta":{"footnotes":""},"class_list":["post-2","page","type-page","status-publish","hentry"],"_links":{"self":[{"href":"https:\/\/aruinadourada.com\/gdavini\/wp-json\/wp\/v2\/pages\/2","targetHints":{"allow":["GET"]}}],"collection":[{"href":"https:\/\/aruinadourada.com\/gdavini\/wp-json\/wp\/v2\/pages"}],"about":[{"href":"https:\/\/aruinadourada.com\/gdavini\/wp-json\/wp\/v2\/types\/page"}],"author":[{"embeddable":true,"href":"https:\/\/aruinadourada.com\/gdavini\/wp-json\/wp\/v2\/users\/2"}],"replies":[{"embeddable":true,"href":"https:\/\/aruinadourada.com\/gdavini\/wp-json\/wp\/v2\/comments?post=2"}],"version-history":[{"count":35,"href":"https:\/\/aruinadourada.com\/gdavini\/wp-json\/wp\/v2\/pages\/2\/revisions"}],"predecessor-version":[{"id":1364,"href":"https:\/\/aruinadourada.com\/gdavini\/wp-json\/wp\/v2\/pages\/2\/revisions\/1364"}],"wp:attachment":[{"href":"https:\/\/aruinadourada.com\/gdavini\/wp-json\/wp\/v2\/media?parent=2"}],"curies":[{"name":"wp","href":"https:\/\/api.w.org\/{rel}","templated":true}]}}