{"id":1265,"date":"2023-02-13T22:45:38","date_gmt":"2023-02-13T22:45:38","guid":{"rendered":"https:\/\/aruinadourada.com\/gdavini\/?page_id=1265"},"modified":"2023-03-01T20:13:56","modified_gmt":"2023-03-01T20:13:56","slug":"alex-origins","status":"publish","type":"page","link":"https:\/\/aruinadourada.com\/gdavini\/alex-origins\/","title":{"rendered":"Alex Origins"},"content":{"rendered":"<div class=\"wpb-content-wrapper\"><p>[vc_row][vc_column width=&#8221;1\/2&#8243;][vc_column_text]<\/p>\n<p style=\"text-align: justify;\"><span style=\"color: #000000;\"><strong>Alex Origins <\/strong>\u00e9 o 3\u00ba jogo digital desenvolvido pela equipe <strong>The Rise of the N4verending Shadows<\/strong>. Ele foi desenvolvido ao longo de um per\u00edodo de 2 dias durante o evento SPJam em 2014. O jogo \u00e9 um clicker de ritmo acelerado constru\u00eddo em Unity e mostrado aqui em sua vers\u00e3o PC (WebGL), mas tamb\u00e9m possui uma vers\u00e3o mobile (Android).<\/span><\/p>\n<p style=\"text-align: justify;\"><span style=\"color: #000000;\">Nesse jogo, que ocorre logo ap\u00f3s os eventos em\u00a0<\/span><span style=\"color: #000000;\"><strong>Alex Rise<\/strong>, o personagem principal <strong>Alex <\/strong>reaparece como um ser transcendental empunhando ambos os poderes da cria\u00e7\u00e3o e da destrui\u00e7\u00e3o. <strong>Alex\u00a0<\/strong>est\u00e1 determinado a colocar seus poderes \u00e0 prova se submetendo ao desafio divino de criar o universo inteiro do zero. Para isso, ele sobe a escadaria celestial e decide interferir com a sopa primordial, a ess\u00eancia a partir da qual cada uma das coisas no universo \u00e9 criada, caprichosamente escolhendo ou destruindo as ess\u00eancias elementais que antecedem a cria\u00e7\u00e3o e flutuam l\u00e1 dentro.<\/span><\/p>\n<p>[\/vc_column_text][\/vc_column][vc_column width=&#8221;1\/2&#8243;]<div class=\"edgt-iwt-over edgt-enable-hover-animation\">\n\t\t<div class=\"edgt-image-holder\">\n\t\t<img loading=\"lazy\" decoding=\"async\" width=\"960\" height=\"540\" src=\"https:\/\/aruinadourada.com\/gdavini\/wp-content\/uploads\/sites\/2\/2023\/02\/alex-origins-bg.png\" class=\"attachment-full size-full\" alt=\"\" srcset=\"https:\/\/aruinadourada.com\/gdavini\/wp-content\/uploads\/sites\/2\/2023\/02\/alex-origins-bg.png 960w, https:\/\/aruinadourada.com\/gdavini\/wp-content\/uploads\/sites\/2\/2023\/02\/alex-origins-bg-300x169.png 300w, https:\/\/aruinadourada.com\/gdavini\/wp-content\/uploads\/sites\/2\/2023\/02\/alex-origins-bg-768x432.png 768w\" sizes=\"auto, (max-width: 960px) 100vw, 960px\" \/>\t<\/div>\n\t<div class=\"edgt-text-holder\" >\n\t\t<div class=\"edgt-text-holder-table\">\n\t\t\t<div class=\"edgt-text-holder-cell\">\n\t\t\t\t<h3 class=\"edgt-iwt-text\">\n\t\t\t\t\tJogo Indispon\u00edvel\t\t\t\t<\/h3>\n\t\t\t<\/div>\n\t\t<\/div>\n\t<\/div>\n<\/div>[\/vc_column][\/vc_row]<\/p>\n<\/div>","protected":false},"excerpt":{"rendered":"<p>[vc_row][vc_column width=&#8221;1\/2&#8243;][vc_column_text] Alex Origins \u00e9 o 3\u00ba jogo digital desenvolvido pela equipe The Rise of the N4verending Shadows. Ele foi desenvolvido ao longo de um per\u00edodo de 2 dias durante o evento SPJam em 2014. O jogo \u00e9 um clicker de ritmo acelerado constru\u00eddo em&#8230;<\/p>\n","protected":false},"author":1,"featured_media":0,"parent":0,"menu_order":0,"comment_status":"closed","ping_status":"closed","template":"","meta":{"footnotes":""},"class_list":["post-1265","page","type-page","status-publish","hentry"],"_links":{"self":[{"href":"https:\/\/aruinadourada.com\/gdavini\/wp-json\/wp\/v2\/pages\/1265","targetHints":{"allow":["GET"]}}],"collection":[{"href":"https:\/\/aruinadourada.com\/gdavini\/wp-json\/wp\/v2\/pages"}],"about":[{"href":"https:\/\/aruinadourada.com\/gdavini\/wp-json\/wp\/v2\/types\/page"}],"author":[{"embeddable":true,"href":"https:\/\/aruinadourada.com\/gdavini\/wp-json\/wp\/v2\/users\/1"}],"replies":[{"embeddable":true,"href":"https:\/\/aruinadourada.com\/gdavini\/wp-json\/wp\/v2\/comments?post=1265"}],"version-history":[{"count":11,"href":"https:\/\/aruinadourada.com\/gdavini\/wp-json\/wp\/v2\/pages\/1265\/revisions"}],"predecessor-version":[{"id":1442,"href":"https:\/\/aruinadourada.com\/gdavini\/wp-json\/wp\/v2\/pages\/1265\/revisions\/1442"}],"wp:attachment":[{"href":"https:\/\/aruinadourada.com\/gdavini\/wp-json\/wp\/v2\/media?parent=1265"}],"curies":[{"name":"wp","href":"https:\/\/api.w.org\/{rel}","templated":true}]}}