{"id":1213,"date":"2023-02-12T05:39:42","date_gmt":"2023-02-12T05:39:42","guid":{"rendered":"https:\/\/aruinadourada.com\/gdavini\/?page_id=1213"},"modified":"2023-03-01T19:22:45","modified_gmt":"2023-03-01T19:22:45","slug":"alex-mansion","status":"publish","type":"page","link":"https:\/\/aruinadourada.com\/gdavini\/alex-mansion\/","title":{"rendered":"Alex Mansion"},"content":{"rendered":"<div class=\"wpb-content-wrapper\"><p>[vc_row][vc_column width=&#8221;1\/2&#8243;][vc_column_text]<\/p>\n<p style=\"text-align: justify;\"><span style=\"color: #000000;\"><strong>Alex Mansion <\/strong>\u00e9 o 4\u00ba jogo digital desenvolvido pela equipe\u00a0<\/span><span style=\"color: #000000;\"><strong>The Rise of the N4verending Shadows<\/strong>. Ele foi desenvolvido ao longo de um per\u00edodo de 2 dias durante o evento Global Game Jam em 2015. O jogo \u00e9 um quebra-cabe\u00e7a em plataforma de horror 2D constru\u00eddo em Unity e mostrado aqui em sua vers\u00e3o PC (WebGL), mas tamb\u00e9m possui uma vers\u00e3o mobile (Android).<\/span><\/p>\n<p style=\"text-align: justify;\"><span style=\"color: #000000;\">Esse jogo estreia um novo personagem sem nome: o misterioso (e aterrorizado) coelho branco que est\u00e1 vagando dentro da mans\u00e3o do\u00a0<strong>Alex<\/strong>. Ele precisa encontrar a sa\u00edda enquanto tenta resgatar tr\u00eas outros coelhos que tamb\u00e9m est\u00e3o presos l\u00e1 dentro. Seu pr\u00f3prio medo do escuro, por\u00e9m, e das terr\u00edveis criaturas que a espreitam, pode ser fatal. A n\u00e3o ser que ele se mantenha sob a luz.<\/span><\/p>\n<p>[\/vc_column_text][\/vc_column][vc_column width=&#8221;1\/2&#8243;]<div class=\"edgt-iwt-over edgt-enable-hover-animation\">\n\t\t\t<a href=\"https:\/\/gdaviniserver.aruinadourada.com\/gdavini\/Alex%20Mansion%20Build\/\" target=\"_blank\"><\/a>\n\t\t<div class=\"edgt-image-holder\">\n\t\t<img loading=\"lazy\" decoding=\"async\" width=\"1102\" height=\"604\" src=\"https:\/\/aruinadourada.com\/gdavini\/wp-content\/uploads\/sites\/2\/2023\/02\/alex-mansion-print.png\" class=\"attachment-full size-full\" alt=\"\" srcset=\"https:\/\/aruinadourada.com\/gdavini\/wp-content\/uploads\/sites\/2\/2023\/02\/alex-mansion-print.png 1102w, https:\/\/aruinadourada.com\/gdavini\/wp-content\/uploads\/sites\/2\/2023\/02\/alex-mansion-print-300x164.png 300w, https:\/\/aruinadourada.com\/gdavini\/wp-content\/uploads\/sites\/2\/2023\/02\/alex-mansion-print-1024x561.png 1024w, https:\/\/aruinadourada.com\/gdavini\/wp-content\/uploads\/sites\/2\/2023\/02\/alex-mansion-print-768x421.png 768w\" sizes=\"auto, (max-width: 1102px) 100vw, 1102px\" \/>\t<\/div>\n\t<div class=\"edgt-text-holder\" >\n\t\t<div class=\"edgt-text-holder-table\">\n\t\t\t<div class=\"edgt-text-holder-cell\">\n\t\t\t\t<h3 class=\"edgt-iwt-text\">\n\t\t\t\t\tClique para Jogar\t\t\t\t<\/h3>\n\t\t\t<\/div>\n\t\t<\/div>\n\t<\/div>\n<\/div>[\/vc_column][\/vc_row]<\/p>\n<\/div>","protected":false},"excerpt":{"rendered":"<p>[vc_row][vc_column width=&#8221;1\/2&#8243;][vc_column_text] Alex Mansion \u00e9 o 4\u00ba jogo digital desenvolvido pela equipe\u00a0The Rise of the N4verending Shadows. Ele foi desenvolvido ao longo de um per\u00edodo de 2 dias durante o evento Global Game Jam em 2015. O jogo \u00e9 um quebra-cabe\u00e7a em plataforma de horror&#8230;<\/p>\n","protected":false},"author":1,"featured_media":0,"parent":0,"menu_order":0,"comment_status":"closed","ping_status":"closed","template":"","meta":{"footnotes":""},"class_list":["post-1213","page","type-page","status-publish","hentry"],"_links":{"self":[{"href":"https:\/\/aruinadourada.com\/gdavini\/wp-json\/wp\/v2\/pages\/1213","targetHints":{"allow":["GET"]}}],"collection":[{"href":"https:\/\/aruinadourada.com\/gdavini\/wp-json\/wp\/v2\/pages"}],"about":[{"href":"https:\/\/aruinadourada.com\/gdavini\/wp-json\/wp\/v2\/types\/page"}],"author":[{"embeddable":true,"href":"https:\/\/aruinadourada.com\/gdavini\/wp-json\/wp\/v2\/users\/1"}],"replies":[{"embeddable":true,"href":"https:\/\/aruinadourada.com\/gdavini\/wp-json\/wp\/v2\/comments?post=1213"}],"version-history":[{"count":7,"href":"https:\/\/aruinadourada.com\/gdavini\/wp-json\/wp\/v2\/pages\/1213\/revisions"}],"predecessor-version":[{"id":1422,"href":"https:\/\/aruinadourada.com\/gdavini\/wp-json\/wp\/v2\/pages\/1213\/revisions\/1422"}],"wp:attachment":[{"href":"https:\/\/aruinadourada.com\/gdavini\/wp-json\/wp\/v2\/media?parent=1213"}],"curies":[{"name":"wp","href":"https:\/\/api.w.org\/{rel}","templated":true}]}}