{"id":1205,"date":"2023-02-12T03:30:34","date_gmt":"2023-02-12T03:30:34","guid":{"rendered":"https:\/\/aruinadourada.com\/gdavini\/?page_id=1205"},"modified":"2023-03-01T19:29:13","modified_gmt":"2023-03-01T19:29:13","slug":"alex-maze","status":"publish","type":"page","link":"https:\/\/aruinadourada.com\/gdavini\/alex-maze\/","title":{"rendered":"Alex Maze"},"content":{"rendered":"<div class=\"wpb-content-wrapper\"><p>[vc_row][vc_column width=&#8221;1\/2&#8243;][vc_column_text]<\/p>\n<p style=\"text-align: justify;\"><span style=\"color: #000000;\"><strong>Alex Maze <\/strong>\u00e9 o 5\u00ba jogo digital desenvolvido pela equipe <strong>The Rise of the N4verending Shadows<\/strong>. Ele foi desenvolvido ao longo de 2 dias durante o evento SPJam em 2015. O estilo do jogo \u00e9 combate em plataforma 2D constru\u00eddo em Unity e mostrado aqui em sua vers\u00e3o PC (WebGL), mas tamb\u00e9m possui uma vers\u00e3o para mobile (Android).<\/span><\/p>\n<p style=\"text-align: justify;\"><span style=\"color: #000000;\">Esse jogo \u00e9 a estreia de\u00a0<\/span><span style=\"color: #000000;\"><strong>Anaximandro<\/strong>, um espadachim de cabelos vermelhos em uma busca sem fim pela garota loira com a tatuagem de borboleta. Durante o dia, ele vaga pelas colinas cobertas de grama enquanto pensa na garota dos seus sonhos, apenas para ser atormentado pelos horrores da noite e seus arautos insones depois do p\u00f4r-do-sol. O per\u00edodo noturno, por\u00e9m, \u00e9 o \u00fanico momento do dia em que ele pode atravessar os sombrios port\u00f5es lunares, dando um passo a mais na dire\u00e7\u00e3o do seu objetivo, ainda que tenha que sofrer para isso.<\/span><\/p>\n<p>[\/vc_column_text][\/vc_column][vc_column width=&#8221;1\/2&#8243;]<div class=\"edgt-iwt-over edgt-enable-hover-animation\">\n\t\t\t<a href=\"https:\/\/gdaviniserver.aruinadourada.com\/gdavini\/Alex%20Maze%20Build\/\" target=\"_blank\"><\/a>\n\t\t<div class=\"edgt-image-holder\">\n\t\t<img loading=\"lazy\" decoding=\"async\" width=\"1100\" height=\"602\" src=\"https:\/\/aruinadourada.com\/gdavini\/wp-content\/uploads\/sites\/2\/2023\/02\/alex-maze-print.png\" class=\"attachment-full size-full\" alt=\"\" srcset=\"https:\/\/aruinadourada.com\/gdavini\/wp-content\/uploads\/sites\/2\/2023\/02\/alex-maze-print.png 1100w, https:\/\/aruinadourada.com\/gdavini\/wp-content\/uploads\/sites\/2\/2023\/02\/alex-maze-print-300x164.png 300w, https:\/\/aruinadourada.com\/gdavini\/wp-content\/uploads\/sites\/2\/2023\/02\/alex-maze-print-1024x560.png 1024w, https:\/\/aruinadourada.com\/gdavini\/wp-content\/uploads\/sites\/2\/2023\/02\/alex-maze-print-768x420.png 768w\" sizes=\"auto, (max-width: 1100px) 100vw, 1100px\" \/>\t<\/div>\n\t<div class=\"edgt-text-holder\" >\n\t\t<div class=\"edgt-text-holder-table\">\n\t\t\t<div class=\"edgt-text-holder-cell\">\n\t\t\t\t<h3 class=\"edgt-iwt-text\">\n\t\t\t\t\tClique para Jogar\t\t\t\t<\/h3>\n\t\t\t<\/div>\n\t\t<\/div>\n\t<\/div>\n<\/div>[\/vc_column][\/vc_row]<\/p>\n<\/div>","protected":false},"excerpt":{"rendered":"<p>[vc_row][vc_column width=&#8221;1\/2&#8243;][vc_column_text] Alex Maze \u00e9 o 5\u00ba jogo digital desenvolvido pela equipe The Rise of the N4verending Shadows. Ele foi desenvolvido ao longo de 2 dias durante o evento SPJam em 2015. O estilo do jogo \u00e9 combate em plataforma 2D constru\u00eddo em Unity e&#8230;<\/p>\n","protected":false},"author":1,"featured_media":0,"parent":0,"menu_order":0,"comment_status":"closed","ping_status":"closed","template":"","meta":{"footnotes":""},"class_list":["post-1205","page","type-page","status-publish","hentry"],"_links":{"self":[{"href":"https:\/\/aruinadourada.com\/gdavini\/wp-json\/wp\/v2\/pages\/1205","targetHints":{"allow":["GET"]}}],"collection":[{"href":"https:\/\/aruinadourada.com\/gdavini\/wp-json\/wp\/v2\/pages"}],"about":[{"href":"https:\/\/aruinadourada.com\/gdavini\/wp-json\/wp\/v2\/types\/page"}],"author":[{"embeddable":true,"href":"https:\/\/aruinadourada.com\/gdavini\/wp-json\/wp\/v2\/users\/1"}],"replies":[{"embeddable":true,"href":"https:\/\/aruinadourada.com\/gdavini\/wp-json\/wp\/v2\/comments?post=1205"}],"version-history":[{"count":10,"href":"https:\/\/aruinadourada.com\/gdavini\/wp-json\/wp\/v2\/pages\/1205\/revisions"}],"predecessor-version":[{"id":1429,"href":"https:\/\/aruinadourada.com\/gdavini\/wp-json\/wp\/v2\/pages\/1205\/revisions\/1429"}],"wp:attachment":[{"href":"https:\/\/aruinadourada.com\/gdavini\/wp-json\/wp\/v2\/media?parent=1205"}],"curies":[{"name":"wp","href":"https:\/\/api.w.org\/{rel}","templated":true}]}}