{"id":1195,"date":"2023-02-11T00:30:40","date_gmt":"2023-02-11T00:30:40","guid":{"rendered":"https:\/\/aruinadourada.com\/gdavini\/?page_id=1195"},"modified":"2023-03-01T19:16:11","modified_gmt":"2023-03-01T19:16:11","slug":"alex-and-the-devils","status":"publish","type":"page","link":"https:\/\/aruinadourada.com\/gdavini\/alex-and-the-devils\/","title":{"rendered":"Alex and the Devils"},"content":{"rendered":"<div class=\"wpb-content-wrapper\"><p>[vc_row][vc_column width=&#8221;1\/2&#8243;][vc_column_text]<\/p>\n<p style=\"text-align: justify;\"><span style=\"color: #000000;\"><strong>Alex and the Devils <\/strong>\u00e9 o primeiro jogo digital desenvolvido pela equipe <strong>The Rise of the N4verending Shadows<\/strong>. Ele foi desenvolvido ao longo de um per\u00edodo de 2 dias durante o evento SPJam em 2013. O jogo \u00e9 um runner sidescroller infinito constru\u00eddo em Unity e mostrado aqui em sua vers\u00e3o para PC (WebGL), mas tamb\u00e9m possui uma vers\u00e3o mobile (Android).<\/span><\/p>\n<p style=\"text-align: justify;\"><span style=\"color: #000000;\">No jogo, o jogador encarna <strong>Alex, <\/strong>em sua estreia como personagem da saga. <strong>Alex <\/strong>\u00e9 um indiv\u00edduo sem g\u00eanero definido conhecido por suas madeixas loiras e angelicais, que est\u00e1 fugindo de uma horda de diabos em um cen\u00e1rio macabro que relembra as profundezas do inferno. Durante a corrida, <strong>Alex\u00a0<\/strong>revela que as apar\u00eancias enganam, dando algumas dicas sobre seu verdadeiro prop\u00f3sito e preparando o palco para uma reviravolta sombria.<\/span><\/p>\n<p>[\/vc_column_text][\/vc_column][vc_column width=&#8221;1\/2&#8243;]<div class=\"edgt-iwt-over edgt-enable-hover-animation\">\n\t\t\t<a href=\"https:\/\/gdaviniserver.aruinadourada.com\/gdavini\/Alex%20and%20the%20Devils%20Build\/\" target=\"_blank\"><\/a>\n\t\t<div class=\"edgt-image-holder\">\n\t\t<img loading=\"lazy\" decoding=\"async\" width=\"671\" height=\"448\" src=\"https:\/\/aruinadourada.com\/gdavini\/wp-content\/uploads\/sites\/2\/2023\/02\/alex-and-the-devils-print-2.png\" class=\"attachment-full size-full\" alt=\"\" srcset=\"https:\/\/aruinadourada.com\/gdavini\/wp-content\/uploads\/sites\/2\/2023\/02\/alex-and-the-devils-print-2.png 671w, https:\/\/aruinadourada.com\/gdavini\/wp-content\/uploads\/sites\/2\/2023\/02\/alex-and-the-devils-print-2-300x200.png 300w\" sizes=\"auto, (max-width: 671px) 100vw, 671px\" \/>\t<\/div>\n\t<div class=\"edgt-text-holder\" >\n\t\t<div class=\"edgt-text-holder-table\">\n\t\t\t<div class=\"edgt-text-holder-cell\">\n\t\t\t\t<h3 class=\"edgt-iwt-text\">\n\t\t\t\t\tClique para Jogar\t\t\t\t<\/h3>\n\t\t\t<\/div>\n\t\t<\/div>\n\t<\/div>\n<\/div>[\/vc_column][\/vc_row]<\/p>\n<\/div>","protected":false},"excerpt":{"rendered":"<p>[vc_row][vc_column width=&#8221;1\/2&#8243;][vc_column_text] Alex and the Devils \u00e9 o primeiro jogo digital desenvolvido pela equipe The Rise of the N4verending Shadows. Ele foi desenvolvido ao longo de um per\u00edodo de 2 dias durante o evento SPJam em 2013. O jogo \u00e9 um runner sidescroller infinito constru\u00eddo&#8230;<\/p>\n","protected":false},"author":1,"featured_media":0,"parent":0,"menu_order":0,"comment_status":"closed","ping_status":"closed","template":"","meta":{"footnotes":""},"class_list":["post-1195","page","type-page","status-publish","hentry"],"_links":{"self":[{"href":"https:\/\/aruinadourada.com\/gdavini\/wp-json\/wp\/v2\/pages\/1195","targetHints":{"allow":["GET"]}}],"collection":[{"href":"https:\/\/aruinadourada.com\/gdavini\/wp-json\/wp\/v2\/pages"}],"about":[{"href":"https:\/\/aruinadourada.com\/gdavini\/wp-json\/wp\/v2\/types\/page"}],"author":[{"embeddable":true,"href":"https:\/\/aruinadourada.com\/gdavini\/wp-json\/wp\/v2\/users\/1"}],"replies":[{"embeddable":true,"href":"https:\/\/aruinadourada.com\/gdavini\/wp-json\/wp\/v2\/comments?post=1195"}],"version-history":[{"count":18,"href":"https:\/\/aruinadourada.com\/gdavini\/wp-json\/wp\/v2\/pages\/1195\/revisions"}],"predecessor-version":[{"id":1416,"href":"https:\/\/aruinadourada.com\/gdavini\/wp-json\/wp\/v2\/pages\/1195\/revisions\/1416"}],"wp:attachment":[{"href":"https:\/\/aruinadourada.com\/gdavini\/wp-json\/wp\/v2\/media?parent=1195"}],"curies":[{"name":"wp","href":"https:\/\/api.w.org\/{rel}","templated":true}]}}