{"id":1163,"date":"2023-02-10T06:16:52","date_gmt":"2023-02-10T06:16:52","guid":{"rendered":"https:\/\/aruinadourada.com\/gdavini\/?page_id=1163"},"modified":"2023-02-14T05:03:29","modified_gmt":"2023-02-14T05:03:29","slug":"formacao","status":"publish","type":"page","link":"https:\/\/aruinadourada.com\/gdavini\/formacao\/","title":{"rendered":"Forma\u00e7\u00e3o Acad\u00eamica"},"content":{"rendered":"<div class=\"wpb-content-wrapper\"><p>[vc_row][vc_column width=&#8221;1\/2&#8243;]\n<div class=\"edgt-section-title edgt-section-align-center\">\n\n            <div class=\"edgt-st-subtitle-holder\">\n            <h5                class=\"edgt-st-subtitle\" >\n                <span>Instituto Singularidades<\/span>\n            <\/h5>\n        <\/div>\n    \n        <div class=\"edgt-st-inner\">\n        <div class=\"edgt-st-title-holder\">\n            <h2            class=\"edgt-st-title\" >\n            <span>P\u00f3s-Gradua\u00e7\u00e3o<\/span>\n            <\/h2>\n        <\/div>\n    <\/div>\n        \n    <div class=\"edgt-st-text-holder\">\n        <div class=\"edgt-st-text-text\"><\/p>\n<p style=\"text-align: left;\"><span style=\"color: #000000;\"><a style=\"color: #000000;\" href=\"https:\/\/institutosingularidades.edu.br\/\" target=\"_blank\" rel=\"noopener\">Especializa\u00e7\u00e3o lato sensu em Pedagogia atrav\u00e9s do curso &#8220;Metodologias Ativas para uma Educa\u00e7\u00e3o Inovadora&#8221; (2020 a 2022).<\/a><\/span><\/p>\n<p><\/div>\n    <\/div>\n\n<\/div>[\/vc_column][vc_column width=&#8221;1\/2&#8243;]\n<div class=\"edgt-section-title edgt-section-align-center\">\n\n            <div class=\"edgt-st-subtitle-holder\">\n            <h5                class=\"edgt-st-subtitle\" >\n                <span>Casa das Rosas<\/span>\n            <\/h5>\n        <\/div>\n    \n        <div class=\"edgt-st-inner\">\n        <div class=\"edgt-st-title-holder\">\n            <h2            class=\"edgt-st-title\" >\n            <span>CLIPE<\/span>\n            <\/h2>\n        <\/div>\n    <\/div>\n        \n    <div class=\"edgt-st-text-holder\">\n        <div class=\"edgt-st-text-text\"><\/p>\n<p style=\"text-align: left;\"><span style=\"color: #000000;\"><a style=\"color: #000000;\" href=\"https:\/\/www.casadasrosas.org.br\/centro-de-apoio-ao-escritor\/clipe\" target=\"_blank\" rel=\"noopener\">Selecionado no concurso publico para o CLIPE (Curso Livre de Prepara\u00e7\u00e3o do Escritor) de dura\u00e7\u00e3o de 1 ano (2017).<\/a><\/span><\/p>\n<p><\/div>\n    <\/div>\n\n<\/div>[\/vc_column][\/vc_row][vc_row][vc_column][vc_empty_space]<div class=\"edgt-separator-holder clearfix  edgt-separator-center edgt-separator-full-width\">\n\t<div class=\"edgt-separator\" style=\"border-color: #0a0a0a;border-bottom-width: 1px\"><\/div>\n<\/div>\n[vc_empty_space][\/vc_column][\/vc_row][vc_row][vc_column width=&#8221;1\/2&#8243;]\n<div class=\"edgt-section-title edgt-section-align-center\">\n\n            <div class=\"edgt-st-subtitle-holder\">\n            <h5                class=\"edgt-st-subtitle\" >\n                <span>Universidade Anhembi Morumbi<\/span>\n            <\/h5>\n        <\/div>\n    \n        <div class=\"edgt-st-inner\">\n        <div class=\"edgt-st-title-holder\">\n            <h2            class=\"edgt-st-title\" >\n            <span>Gradua\u00e7\u00e3o<\/span>\n            <\/h2>\n        <\/div>\n    <\/div>\n        \n    <div class=\"edgt-st-text-holder\">\n        <div class=\"edgt-st-text-text\"><\/p>\n<p style=\"text-align: center;\"><span style=\"color: #000000;\"><a style=\"color: #000000;\" href=\"https:\/\/loja.anhembionline.com.br\/\" target=\"_blank\" rel=\"noopener\">Bacharelado em Design de Jogos (2010 a 2014).<\/a><\/span><\/p>\n<p><\/div>\n    <\/div>\n\n<\/div>[\/vc_column][vc_column width=&#8221;1\/2&#8243;]\n<div class=\"edgt-section-title edgt-section-align-center\">\n\n            <div class=\"edgt-st-subtitle-holder\">\n            <h5                class=\"edgt-st-subtitle\" >\n                <span>Cultura Inglesa<\/span>\n            <\/h5>\n        <\/div>\n    \n        <div class=\"edgt-st-inner\">\n        <div class=\"edgt-st-title-holder\">\n            <h2            class=\"edgt-st-title\" >\n            <span>Curso de Ingl\u00eas<\/span>\n            <\/h2>\n        <\/div>\n    <\/div>\n        \n    <div class=\"edgt-st-text-holder\">\n        <div class=\"edgt-st-text-text\"><\/p>\n<p style=\"text-align: center;\"><span style=\"color: #000000;\"><a style=\"color: #000000;\" href=\"https:\/\/www.culturainglesa.com.br\/\" target=\"_blank\" rel=\"noopener\">Curso de ingl\u00eas completo at\u00e9 a obten\u00e7\u00e3o do CPE (2002 a 2011).<\/a><\/span><\/p>\n<p><\/div>\n    <\/div>\n\n<\/div>[\/vc_column][\/vc_row][vc_row][vc_column][vc_empty_space]<div class=\"edgt-separator-holder clearfix  edgt-separator-center edgt-separator-full-width\">\n\t<div class=\"edgt-separator\" style=\"border-color: #0a0a0a;border-bottom-width: 1px\"><\/div>\n<\/div>\n[vc_empty_space][\/vc_column][\/vc_row][vc_row][vc_column width=&#8221;1\/2&#8243;]\n<div class=\"edgt-section-title edgt-section-align-center\">\n\n            <div class=\"edgt-st-subtitle-holder\">\n            <h5                class=\"edgt-st-subtitle\" >\n                <span>Col\u00e9gio Santa Cruz<\/span>\n            <\/h5>\n        <\/div>\n    \n        <div class=\"edgt-st-inner\">\n        <div class=\"edgt-st-title-holder\">\n            <h2            class=\"edgt-st-title\" >\n            <span>Ensino M\u00e9dio<\/span>\n            <\/h2>\n        <\/div>\n    <\/div>\n        \n    <div class=\"edgt-st-text-holder\">\n        <div class=\"edgt-st-text-text\"><\/p>\n<p style=\"text-align: center;\"><span style=\"color: #000000;\"><a style=\"color: #000000;\" href=\"https:\/\/santacruz.g12.br\/\" target=\"_blank\" rel=\"noopener\">Ensino m\u00e9dio completo do 1\u00ba ao 3\u00ba ano (2007 a 2010).<\/a><\/span><\/p>\n<p><\/div>\n    <\/div>\n\n<\/div>[\/vc_column][vc_column width=&#8221;1\/2&#8243;]\n<div class=\"edgt-section-title edgt-section-align-center\">\n\n            <div class=\"edgt-st-subtitle-holder\">\n            <h5                class=\"edgt-st-subtitle\" >\n                <span>Col\u00e9gio Oswald de Andrade<\/span>\n            <\/h5>\n        <\/div>\n    \n        <div class=\"edgt-st-inner\">\n        <div class=\"edgt-st-title-holder\">\n            <h2            class=\"edgt-st-title\" >\n            <span>Ensino Fundamental<\/span>\n            <\/h2>\n        <\/div>\n    <\/div>\n        \n    <div class=\"edgt-st-text-holder\">\n        <div class=\"edgt-st-text-text\"><\/p>\n<p style=\"text-align: center;\"><span style=\"color: #000000;\"><a style=\"color: #000000;\" href=\"https:\/\/info.colegiooswald.com.br\/\" target=\"_blank\" rel=\"noopener\">Da 4\u00aa s\u00e9rie do Prim\u00e1rio ao 1\u00ba ano do Colegial (2002 a 2007).<\/a><\/span><\/p>\n<p><\/div>\n    <\/div>\n\n<\/div>[\/vc_column][\/vc_row][vc_row][vc_column][vc_empty_space]<div class=\"edgt-separator-holder clearfix  edgt-separator-center edgt-separator-full-width\">\n\t<div class=\"edgt-separator\" style=\"border-color: #0a0a0a;border-bottom-width: 1px\"><\/div>\n<\/div>\n[vc_empty_space][\/vc_column][\/vc_row][vc_row][vc_column width=&#8221;1\/2&#8243;]\n<div class=\"edgt-section-title edgt-section-align-center\">\n\n            <div class=\"edgt-st-subtitle-holder\">\n            <h5                class=\"edgt-st-subtitle\" >\n                <span>Escola Viver<\/span>\n            <\/h5>\n        <\/div>\n    \n        <div class=\"edgt-st-inner\">\n        <div class=\"edgt-st-title-holder\">\n            <h2            class=\"edgt-st-title\" >\n            <span>Ensino Prim\u00e1rio<\/span>\n            <\/h2>\n        <\/div>\n    <\/div>\n        \n    <div class=\"edgt-st-text-holder\">\n        <div class=\"edgt-st-text-text\"><\/p>\n<p style=\"text-align: center;\"><span style=\"color: #000000;\"><a style=\"color: #000000;\" href=\"https:\/\/www.viverescola.com.br\/\" target=\"_blank\" rel=\"noopener\">Do 1\u00ba ao 4\u00ba ano (sistema Waldorf) do Ensino Prim\u00e1rio (1998 a 2002).<\/a><\/span><\/p>\n<p><\/div>\n    <\/div>\n\n<\/div>[\/vc_column][vc_column width=&#8221;1\/2&#8243;]\n<div class=\"edgt-section-title edgt-section-align-center\">\n\n            <div class=\"edgt-st-subtitle-holder\">\n            <h5                class=\"edgt-st-subtitle\" >\n                <span>Escola Caravelas<\/span>\n            <\/h5>\n        <\/div>\n    \n        <div class=\"edgt-st-inner\">\n        <div class=\"edgt-st-title-holder\">\n            <h2            class=\"edgt-st-title\" >\n            <span>Educa\u00e7\u00e3o Infantil<\/span>\n            <\/h2>\n        <\/div>\n    <\/div>\n        \n    <div class=\"edgt-st-text-holder\">\n        <div class=\"edgt-st-text-text\"><\/p>\n<p style=\"text-align: center;\"><span style=\"color: #000000;\">Ensino infantil completo at\u00e9 o Pr\u00e9-Prim\u00e1rio (1994 a 1998).<\/span><\/p>\n<p><\/div>\n    <\/div>\n\n<\/div>[\/vc_column][\/vc_row]<\/p>\n<\/div>","protected":false},"excerpt":{"rendered":"<p>[vc_row][vc_column width=&#8221;1\/2&#8243;][\/vc_column][vc_column width=&#8221;1\/2&#8243;][\/vc_column][\/vc_row][vc_row][vc_column][vc_empty_space][vc_empty_space][\/vc_column][\/vc_row][vc_row][vc_column width=&#8221;1\/2&#8243;][\/vc_column][vc_column width=&#8221;1\/2&#8243;][\/vc_column][\/vc_row][vc_row][vc_column][vc_empty_space][vc_empty_space][\/vc_column][\/vc_row][vc_row][vc_column width=&#8221;1\/2&#8243;][\/vc_column][vc_column width=&#8221;1\/2&#8243;][\/vc_column][\/vc_row][vc_row][vc_column][vc_empty_space][vc_empty_space][\/vc_column][\/vc_row][vc_row][vc_column width=&#8221;1\/2&#8243;][\/vc_column][vc_column width=&#8221;1\/2&#8243;][\/vc_column][\/vc_row]<\/p>\n","protected":false},"author":1,"featured_media":0,"parent":0,"menu_order":0,"comment_status":"closed","ping_status":"closed","template":"","meta":{"footnotes":""},"class_list":["post-1163","page","type-page","status-publish","hentry"],"_links":{"self":[{"href":"https:\/\/aruinadourada.com\/gdavini\/wp-json\/wp\/v2\/pages\/1163","targetHints":{"allow":["GET"]}}],"collection":[{"href":"https:\/\/aruinadourada.com\/gdavini\/wp-json\/wp\/v2\/pages"}],"about":[{"href":"https:\/\/aruinadourada.com\/gdavini\/wp-json\/wp\/v2\/types\/page"}],"author":[{"embeddable":true,"href":"https:\/\/aruinadourada.com\/gdavini\/wp-json\/wp\/v2\/users\/1"}],"replies":[{"embeddable":true,"href":"https:\/\/aruinadourada.com\/gdavini\/wp-json\/wp\/v2\/comments?post=1163"}],"version-history":[{"count":22,"href":"https:\/\/aruinadourada.com\/gdavini\/wp-json\/wp\/v2\/pages\/1163\/revisions"}],"predecessor-version":[{"id":1333,"href":"https:\/\/aruinadourada.com\/gdavini\/wp-json\/wp\/v2\/pages\/1163\/revisions\/1333"}],"wp:attachment":[{"href":"https:\/\/aruinadourada.com\/gdavini\/wp-json\/wp\/v2\/media?parent=1163"}],"curies":[{"name":"wp","href":"https:\/\/api.w.org\/{rel}","templated":true}]}}