{"id":1153,"date":"2023-02-09T19:15:05","date_gmt":"2023-02-09T19:15:05","guid":{"rendered":"https:\/\/aruinadourada.com\/gdavini\/?page_id=1153"},"modified":"2023-03-02T01:11:10","modified_gmt":"2023-03-02T01:11:10","slug":"elf-hunt","status":"publish","type":"page","link":"https:\/\/aruinadourada.com\/gdavini\/elf-hunt\/","title":{"rendered":"Elf Hunt"},"content":{"rendered":"<div class=\"wpb-content-wrapper\"><p>[vc_row][vc_column width=&#8221;1\/2&#8243;][vc_column_text]<\/p>\n<p style=\"text-align: justify;\"><span style=\"color: #000000;\"><strong>Elf Hunt\u00a0<\/strong>\u00e9 um prot\u00f3tipo de jogo digital de RPG onde o jogador escolhe uma das 3 op\u00e7\u00f5es de personagens elfas, a Nereida, a Dr\u00edade ou a Ifrit, para se tornar uma ca\u00e7adora de monstros. Os jogadores podem customizar o visual da sua personagem, al\u00e9m de equipar armas distintas, cada uma com uma estrat\u00e9gia de combate pr\u00f3pria, e assim planejar o desenvolvimento de sua personagem investindo em atributos e habilidades.<\/span><\/p>\n<p style=\"text-align: justify;\"><span style=\"color: #000000;\">Criado em Unity, o jogo \u00e9 totalmente autoral e roda diretamente no site (WebGL), mas tamb\u00e9m possui uma vers\u00e3o para mobile (Android). Os modelos 3D dos personagens foram produzidos com Fuse e Mixamo e os modelos 3D de inimigos\/armas foram coletados de fontes gratuitas. Apesar de todos os sistemas estarem funcionais e prontos para receberem novas <em>features<\/em>, ainda n\u00e3o foram implementados um sistema de habilidades nem uma hist\u00f3ria principal para guiar a aventura. Atualmente o jogo possui apenas um mapa b\u00e1sico com v\u00e1rios inimigos de exemplo e uma colet\u00e2nea ampla de armas e equipamentos.<\/span><\/p>\n<p>[\/vc_column_text][\/vc_column][vc_column width=&#8221;1\/2&#8243;]<div class=\"edgt-iwt-over edgt-enable-hover-animation\">\n\t\t\t<a href=\"https:\/\/gdaviniserver.aruinadourada.com\/gdavini\/Elf%20Hunt%20Build\/\" target=\"_blank\"><\/a>\n\t\t<div class=\"edgt-image-holder\">\n\t\t<img loading=\"lazy\" decoding=\"async\" width=\"1102\" height=\"603\" src=\"https:\/\/aruinadourada.com\/gdavini\/wp-content\/uploads\/sites\/2\/2023\/02\/Fuse-Next-Print.png\" class=\"attachment-full size-full\" alt=\"\" srcset=\"https:\/\/aruinadourada.com\/gdavini\/wp-content\/uploads\/sites\/2\/2023\/02\/Fuse-Next-Print.png 1102w, https:\/\/aruinadourada.com\/gdavini\/wp-content\/uploads\/sites\/2\/2023\/02\/Fuse-Next-Print-300x164.png 300w, https:\/\/aruinadourada.com\/gdavini\/wp-content\/uploads\/sites\/2\/2023\/02\/Fuse-Next-Print-1024x560.png 1024w, https:\/\/aruinadourada.com\/gdavini\/wp-content\/uploads\/sites\/2\/2023\/02\/Fuse-Next-Print-768x420.png 768w\" sizes=\"auto, (max-width: 1102px) 100vw, 1102px\" \/>\t<\/div>\n\t<div class=\"edgt-text-holder\" >\n\t\t<div class=\"edgt-text-holder-table\">\n\t\t\t<div class=\"edgt-text-holder-cell\">\n\t\t\t\t<h3 class=\"edgt-iwt-text\">\n\t\t\t\t\tClique para Jogar\t\t\t\t<\/h3>\n\t\t\t<\/div>\n\t\t<\/div>\n\t<\/div>\n<\/div>[\/vc_column][\/vc_row]<\/p>\n<\/div>","protected":false},"excerpt":{"rendered":"<p>[vc_row][vc_column width=&#8221;1\/2&#8243;][vc_column_text] Elf Hunt\u00a0\u00e9 um prot\u00f3tipo de jogo digital de RPG onde o jogador escolhe uma das 3 op\u00e7\u00f5es de personagens elfas, a Nereida, a Dr\u00edade ou a Ifrit, para se tornar uma ca\u00e7adora de monstros. Os jogadores podem customizar o visual da sua personagem,&#8230;<\/p>\n","protected":false},"author":1,"featured_media":0,"parent":0,"menu_order":0,"comment_status":"closed","ping_status":"closed","template":"","meta":{"footnotes":""},"class_list":["post-1153","page","type-page","status-publish","hentry"],"_links":{"self":[{"href":"https:\/\/aruinadourada.com\/gdavini\/wp-json\/wp\/v2\/pages\/1153","targetHints":{"allow":["GET"]}}],"collection":[{"href":"https:\/\/aruinadourada.com\/gdavini\/wp-json\/wp\/v2\/pages"}],"about":[{"href":"https:\/\/aruinadourada.com\/gdavini\/wp-json\/wp\/v2\/types\/page"}],"author":[{"embeddable":true,"href":"https:\/\/aruinadourada.com\/gdavini\/wp-json\/wp\/v2\/users\/1"}],"replies":[{"embeddable":true,"href":"https:\/\/aruinadourada.com\/gdavini\/wp-json\/wp\/v2\/comments?post=1153"}],"version-history":[{"count":10,"href":"https:\/\/aruinadourada.com\/gdavini\/wp-json\/wp\/v2\/pages\/1153\/revisions"}],"predecessor-version":[{"id":1469,"href":"https:\/\/aruinadourada.com\/gdavini\/wp-json\/wp\/v2\/pages\/1153\/revisions\/1469"}],"wp:attachment":[{"href":"https:\/\/aruinadourada.com\/gdavini\/wp-json\/wp\/v2\/media?parent=1153"}],"curies":[{"name":"wp","href":"https:\/\/api.w.org\/{rel}","templated":true}]}}