{"id":1134,"date":"2023-02-07T23:42:13","date_gmt":"2023-02-07T23:42:13","guid":{"rendered":"https:\/\/aruinadourada.com\/gdavini\/?page_id=1134"},"modified":"2023-03-02T01:07:33","modified_gmt":"2023-03-02T01:07:33","slug":"arachne-digital","status":"publish","type":"page","link":"https:\/\/aruinadourada.com\/gdavini\/arachne-digital\/","title":{"rendered":"Arachne (Digital)"},"content":{"rendered":"<div class=\"wpb-content-wrapper\"><p>[vc_row][vc_column width=&#8221;1\/2&#8243;][vc_column_text]<\/p>\n<p style=\"text-align: justify;\"><span style=\"color: #000000;\"><strong>Arachne<\/strong> foi inicialmente desenvolvido como um RPG de mesa (que pode ser encontrado <a style=\"color: #000000;\" href=\"https:\/\/aruinadourada.com\/gdavini\/arachne-rpg\/\">AQUI<\/a>) e posteriormente foi adaptado para um prot\u00f3tipo de jogo digital (tamb\u00e9m em estilo RPG). Totalmente autoral, o jogo foi desenvolvido em Unity roda diretamente nesse website (WebGL), mas tamb\u00e9m possui uma vers\u00e3o execut\u00e1vel (PC) e uma para mobile (Android).<\/span><\/p>\n<p style=\"text-align: justify;\"><span style=\"color: #000000;\">O personagem do jogador \u00e9 uma aranha com poderes especiais que precisa explorar um sistema de cavernas subterr\u00e2neo chamado\u00a0<em>The Rift\u00a0<\/em>(a fenda). L\u00e1, ele se desenvolve enquanto enfrenta diferentes tipos de inimigos, evoluindo para novas classes e aprendendo habilidades para construir sua pr\u00f3pria estrat\u00e9gia individual de jogo, que vai desde o combate direto at\u00e9 o uso de teias, venenos, emboscadas, magias e muito mais. Apesar do jogo estar tecnicamente pronto para receber a maioria das suas\u00a0<em>features<\/em>, a vers\u00e3o atual cont\u00e9m apenas a classe inicial do personagem, as habilidades b\u00e1sicas e os prot\u00f3tipos de inimigos.<\/span><\/p>\n<p>[\/vc_column_text][\/vc_column][vc_column width=&#8221;1\/2&#8243;]<div class=\"edgt-iwt-over edgt-enable-hover-animation\">\n\t\t\t<a href=\"https:\/\/gdaviniserver.aruinadourada.com\/gdavini\/Arachne%20Build\/\" target=\"_blank\"><\/a>\n\t\t<div class=\"edgt-image-holder\">\n\t\t<img loading=\"lazy\" decoding=\"async\" width=\"1103\" height=\"601\" src=\"https:\/\/aruinadourada.com\/gdavini\/wp-content\/uploads\/sites\/2\/2023\/02\/Arachne-Print-1.png\" class=\"attachment-full size-full\" alt=\"\" srcset=\"https:\/\/aruinadourada.com\/gdavini\/wp-content\/uploads\/sites\/2\/2023\/02\/Arachne-Print-1.png 1103w, https:\/\/aruinadourada.com\/gdavini\/wp-content\/uploads\/sites\/2\/2023\/02\/Arachne-Print-1-300x163.png 300w, https:\/\/aruinadourada.com\/gdavini\/wp-content\/uploads\/sites\/2\/2023\/02\/Arachne-Print-1-1024x558.png 1024w, https:\/\/aruinadourada.com\/gdavini\/wp-content\/uploads\/sites\/2\/2023\/02\/Arachne-Print-1-768x418.png 768w\" sizes=\"auto, (max-width: 1103px) 100vw, 1103px\" \/>\t<\/div>\n\t<div class=\"edgt-text-holder\" >\n\t\t<div class=\"edgt-text-holder-table\">\n\t\t\t<div class=\"edgt-text-holder-cell\">\n\t\t\t\t<h3 class=\"edgt-iwt-text\">\n\t\t\t\t\tClique para Jogar\t\t\t\t<\/h3>\n\t\t\t<\/div>\n\t\t<\/div>\n\t<\/div>\n<\/div>[\/vc_column][\/vc_row][vc_row][vc_column width=&#8221;1\/2&#8243;][vc_empty_space]<a href=\"https:\/\/aruinadourada.com\/gdavini\/arachne-rpg\/\"\n   target=\"_self\"  class=\"edgt-btn edgt-btn-outline edgt-btn-huge-full-width edgt-btn-hover-solid\"  >\n\t<span class=\"edgt-btn-text\">Acesse o RPG<\/span>\n\t\n\t\n\t\t\t<span class=\"edgt-btn-helper\" ><\/span>\n\t<\/a>[\/vc_column][vc_column width=&#8221;1\/2&#8243;][vc_empty_space]<a href=\"https:\/\/gdaviniserver.aruinadourada.com\/gdavini\/Arachne%20Build\/\"\n   target=\"_blank\"  class=\"edgt-btn edgt-btn-outline edgt-btn-huge-full-width edgt-btn-hover-solid\"  >\n\t<span class=\"edgt-btn-text\">Clique para Jogar<\/span>\n\t\n\t\n\t\t\t<span class=\"edgt-btn-helper\" ><\/span>\n\t<\/a>[\/vc_column][\/vc_row]<\/p>\n<\/div>","protected":false},"excerpt":{"rendered":"<p>[vc_row][vc_column width=&#8221;1\/2&#8243;][vc_column_text] Arachne foi inicialmente desenvolvido como um RPG de mesa (que pode ser encontrado AQUI) e posteriormente foi adaptado para um prot\u00f3tipo de jogo digital (tamb\u00e9m em estilo RPG). Totalmente autoral, o jogo foi desenvolvido em Unity roda diretamente nesse website (WebGL), mas tamb\u00e9m&#8230;<\/p>\n","protected":false},"author":1,"featured_media":0,"parent":0,"menu_order":0,"comment_status":"closed","ping_status":"closed","template":"","meta":{"footnotes":""},"class_list":["post-1134","page","type-page","status-publish","hentry"],"_links":{"self":[{"href":"https:\/\/aruinadourada.com\/gdavini\/wp-json\/wp\/v2\/pages\/1134","targetHints":{"allow":["GET"]}}],"collection":[{"href":"https:\/\/aruinadourada.com\/gdavini\/wp-json\/wp\/v2\/pages"}],"about":[{"href":"https:\/\/aruinadourada.com\/gdavini\/wp-json\/wp\/v2\/types\/page"}],"author":[{"embeddable":true,"href":"https:\/\/aruinadourada.com\/gdavini\/wp-json\/wp\/v2\/users\/1"}],"replies":[{"embeddable":true,"href":"https:\/\/aruinadourada.com\/gdavini\/wp-json\/wp\/v2\/comments?post=1134"}],"version-history":[{"count":25,"href":"https:\/\/aruinadourada.com\/gdavini\/wp-json\/wp\/v2\/pages\/1134\/revisions"}],"predecessor-version":[{"id":1460,"href":"https:\/\/aruinadourada.com\/gdavini\/wp-json\/wp\/v2\/pages\/1134\/revisions\/1460"}],"wp:attachment":[{"href":"https:\/\/aruinadourada.com\/gdavini\/wp-json\/wp\/v2\/media?parent=1134"}],"curies":[{"name":"wp","href":"https:\/\/api.w.org\/{rel}","templated":true}]}}