{"id":1107,"date":"2023-02-07T01:46:12","date_gmt":"2023-02-07T01:46:12","guid":{"rendered":"https:\/\/aruinadourada.com\/gdavini\/?page_id=1107"},"modified":"2023-02-13T05:38:33","modified_gmt":"2023-02-13T05:38:33","slug":"saga-asura","status":"publish","type":"page","link":"https:\/\/aruinadourada.com\/gdavini\/saga-asura\/","title":{"rendered":"Saga Asura"},"content":{"rendered":"<div class=\"wpb-content-wrapper\"><p>[vc_row][vc_column][vc_column_text]<\/p>\n<p style=\"text-align: justify;\"><span style=\"color: #000000;\"><strong>Asura\u00a0<\/strong>\u00e9 uma saga de terror e fantasia \u00e9pica composta por 7 livros. Ela foi o meu primeiro projeto liter\u00e1rio e come\u00e7ou a ser escrita em 2005, quando eu tinha apenas 13 anos, at\u00e9 ser finalmente interrompida em 2016, depois de 11 anos de trabalho \u00e1rduo, para que eu pudesse me dedicar a ao meu novo livro e projeto de estreia no mercado editorial, <span style=\"color: #0000ff;\"><a style=\"color: #0000ff;\" href=\"https:\/\/aruinadourada.com\/\" target=\"_blank\" rel=\"noopener\"><strong>A Ru\u00edna Dourada<\/strong><\/a><\/span>. Os 7 volumes de <strong>Asura <\/strong>se dividem em 13 atos e 1 ep\u00edlogo:<\/span><\/p>\n<table style=\"border-collapse: collapse; width: 100%; height: 106px;\">\n<tbody>\n<tr style=\"height: 0px;\">\n<td style=\"vertical-align: middle; text-align: left; width: 50%; height: 0px;\"><span style=\"color: #000000; font-size: 10pt;\"><em><span style=\"font-weight: 400;\">1\u00ba Ato: <strong>O Fim da Esperan\u00e7a e o Come\u00e7o do Fim<\/strong><\/span><\/em><\/span><\/td>\n<td style=\"vertical-align: middle; text-align: left; width: 50%; height: 0px;\"><span style=\"color: #000000;\"><em><span style=\"font-weight: 400;\">8\u00aa Ato: <strong>Corpo e Alma<\/strong><\/span><\/em><\/span><\/td>\n<\/tr>\n<tr style=\"height: 0px;\">\n<td style=\"vertical-align: middle; text-align: left; width: 50%; height: 0px;\"><span style=\"color: #000000;\"><em><span style=\"font-weight: 400;\">2\u00ba Ato: <strong>Ca\u00e7a e Ca\u00e7ador<\/strong><\/span><\/em><\/span><\/td>\n<td style=\"vertical-align: middle; text-align: left; width: 50%; height: 0px;\"><span style=\"color: #000000;\"><em><span style=\"font-weight: 400;\">9\u00aa Ato: <strong>O Homem e a Besta<\/strong><\/span><\/em><\/span><\/td>\n<\/tr>\n<tr style=\"height: 24px;\">\n<td style=\"vertical-align: middle; text-align: left; width: 50%; height: 24px;\"><span style=\"color: #000000;\"><em><span style=\"font-weight: 400;\">3\u00ba Ato: <strong>A Luz na Escurid\u00e3o<\/strong><\/span><\/em><\/span><\/td>\n<td style=\"vertical-align: middle; text-align: left; width: 50%; height: 24px;\"><span style=\"color: #000000;\"><em><span style=\"font-weight: 400;\">10\u00ba Ato: <strong>T\u00edtere e Titereiro<\/strong><\/span><\/em><\/span><\/td>\n<\/tr>\n<tr style=\"height: 24px;\">\n<td style=\"vertical-align: middle; text-align: left; width: 50%; height: 24px;\"><span style=\"color: #000000;\"><em><span style=\"font-weight: 400;\">4\u00ba Ato: <strong>A Fera e o Cora\u00e7\u00e3o<\/strong><\/span><\/em><\/span><\/td>\n<td style=\"vertical-align: middle; text-align: left; width: 50%; height: 24px;\"><span style=\"color: #000000;\"><em><span style=\"font-weight: 400;\">11\u00ba Ato: <strong>Fogo e Sombras<\/strong><\/span><\/em><\/span><\/td>\n<\/tr>\n<tr style=\"height: 24px;\">\n<td style=\"vertical-align: middle; text-align: left; width: 50%; height: 24px;\"><span style=\"color: #000000;\"><em><span style=\"font-weight: 400;\">5\u00ba Ato: <strong>O \u00daltimo Ref\u00fagio<\/strong><\/span><\/em><\/span><\/td>\n<td style=\"vertical-align: middle; text-align: left; width: 50%; height: 24px;\"><span style=\"color: #000000;\"><em><span style=\"font-weight: 400;\">12\u00ba Ato:<strong> Mais Profundo que as Trevas<\/strong><\/span><\/em><\/span><\/td>\n<\/tr>\n<tr style=\"height: 24px;\">\n<td style=\"vertical-align: middle; text-align: left; width: 50%; height: 24px;\"><span style=\"color: #000000;\"><em><span style=\"font-weight: 400;\">6\u00ba Ato: <\/span><span style=\"font-weight: 400;\"><b>Halloween<\/b><\/span><\/em><\/span><\/td>\n<td style=\"vertical-align: middle; text-align: left; width: 50%; height: 24px;\"><span style=\"color: #000000;\"><em><span style=\"font-weight: 400;\">13\u00ba Ato: <strong>Guerra<\/strong><\/span><\/em><\/span><\/td>\n<\/tr>\n<tr style=\"height: 0px;\">\n<td style=\"vertical-align: middle; text-align: left; width: 50%; height: 0px;\"><span style=\"color: #000000;\"><em><span style=\"font-weight: 400;\">7\u00ba Ato: <strong>Humanidade<\/strong><\/span><\/em><\/span><\/td>\n<td style=\"vertical-align: middle; text-align: left; width: 50%; height: 0px;\"><span style=\"color: #000000;\"><em><span style=\"font-weight: 400;\">Ep\u00edlogo: <strong>R\u00e9quiem<\/strong><\/span><\/em><\/span><\/td>\n<\/tr>\n<\/tbody>\n<\/table>\n<p style=\"text-align: justify;\"><span style=\"color: #000000;\">Por ser de car\u00e1ter pessoal, al\u00e9m de um projeto amador (e que come\u00e7ou a ser escrito por um adolescente), essa saga nunca chegou a ser publicada e nunca ser\u00e1. Sua conclus\u00e3o, portanto, continua em aberto. Apesar disso, os pr\u00f3logos dos 6 primeiros livros podem ser lidos aqui mesmo no site.<\/span><\/p>\n<p>[\/vc_column_text][\/vc_column][\/vc_row][vc_row][vc_column width=&#8221;1\/6&#8243;][vc_empty_space]<div class=\"edgt-iwt-over edgt-enable-hover-animation\">\n\t\t\t<a href=\"http:\/\/aruinadourada.com\/gdavini\/wp-content\/uploads\/sites\/2\/2023\/02\/Livro-I-Prologo.pdf\" target=\"_blank\"><\/a>\n\t\t<div class=\"edgt-image-holder\">\n\t\t<img loading=\"lazy\" decoding=\"async\" width=\"595\" height=\"842\" src=\"https:\/\/aruinadourada.com\/gdavini\/wp-content\/uploads\/sites\/2\/2023\/02\/Capa-Livro-1.jpg\" class=\"attachment-full size-full\" alt=\"\" srcset=\"https:\/\/aruinadourada.com\/gdavini\/wp-content\/uploads\/sites\/2\/2023\/02\/Capa-Livro-1.jpg 595w, https:\/\/aruinadourada.com\/gdavini\/wp-content\/uploads\/sites\/2\/2023\/02\/Capa-Livro-1-212x300.jpg 212w\" sizes=\"auto, (max-width: 595px) 100vw, 595px\" \/>\t<\/div>\n\t<div class=\"edgt-text-holder\" >\n\t\t<div class=\"edgt-text-holder-table\">\n\t\t\t<div class=\"edgt-text-holder-cell\">\n\t\t\t\t<h3 class=\"edgt-iwt-text\">\n\t\t\t\t\tLer o Pr\u00f3logo do Livro I\t\t\t\t<\/h3>\n\t\t\t<\/div>\n\t\t<\/div>\n\t<\/div>\n<\/div>[\/vc_column][vc_column width=&#8221;1\/6&#8243;][vc_empty_space]<div class=\"edgt-iwt-over edgt-enable-hover-animation\">\n\t\t\t<a href=\"http:\/\/aruinadourada.com\/gdavini\/wp-content\/uploads\/sites\/2\/2023\/02\/Livro-II-Prologo.pdf\" target=\"_blank\"><\/a>\n\t\t<div class=\"edgt-image-holder\">\n\t\t<img loading=\"lazy\" decoding=\"async\" width=\"595\" height=\"842\" src=\"https:\/\/aruinadourada.com\/gdavini\/wp-content\/uploads\/sites\/2\/2023\/02\/Capa-Livro-2.jpg\" class=\"attachment-full size-full\" alt=\"\" srcset=\"https:\/\/aruinadourada.com\/gdavini\/wp-content\/uploads\/sites\/2\/2023\/02\/Capa-Livro-2.jpg 595w, https:\/\/aruinadourada.com\/gdavini\/wp-content\/uploads\/sites\/2\/2023\/02\/Capa-Livro-2-212x300.jpg 212w\" sizes=\"auto, (max-width: 595px) 100vw, 595px\" \/>\t<\/div>\n\t<div class=\"edgt-text-holder\" >\n\t\t<div class=\"edgt-text-holder-table\">\n\t\t\t<div class=\"edgt-text-holder-cell\">\n\t\t\t\t<h3 class=\"edgt-iwt-text\">\n\t\t\t\t\tLer o Pr\u00f3logo do Livro II\t\t\t\t<\/h3>\n\t\t\t<\/div>\n\t\t<\/div>\n\t<\/div>\n<\/div>[\/vc_column][vc_column width=&#8221;1\/6&#8243;][vc_empty_space]<div class=\"edgt-iwt-over edgt-enable-hover-animation\">\n\t\t\t<a href=\"http:\/\/aruinadourada.com\/gdavini\/wp-content\/uploads\/sites\/2\/2023\/02\/Livro-III-Prologo.pdf\" target=\"_blank\"><\/a>\n\t\t<div class=\"edgt-image-holder\">\n\t\t<img loading=\"lazy\" decoding=\"async\" width=\"595\" height=\"842\" src=\"https:\/\/aruinadourada.com\/gdavini\/wp-content\/uploads\/sites\/2\/2023\/02\/Capa-Livro-3.jpg\" class=\"attachment-full size-full\" alt=\"\" srcset=\"https:\/\/aruinadourada.com\/gdavini\/wp-content\/uploads\/sites\/2\/2023\/02\/Capa-Livro-3.jpg 595w, https:\/\/aruinadourada.com\/gdavini\/wp-content\/uploads\/sites\/2\/2023\/02\/Capa-Livro-3-212x300.jpg 212w\" sizes=\"auto, (max-width: 595px) 100vw, 595px\" \/>\t<\/div>\n\t<div class=\"edgt-text-holder\" >\n\t\t<div class=\"edgt-text-holder-table\">\n\t\t\t<div class=\"edgt-text-holder-cell\">\n\t\t\t\t<h3 class=\"edgt-iwt-text\">\n\t\t\t\t\tLer o Pr\u00f3logo do Livro III\t\t\t\t<\/h3>\n\t\t\t<\/div>\n\t\t<\/div>\n\t<\/div>\n<\/div>[\/vc_column][vc_column width=&#8221;1\/6&#8243;][vc_empty_space]<div class=\"edgt-iwt-over edgt-enable-hover-animation\">\n\t\t<div class=\"edgt-image-holder\">\n\t\t<img loading=\"lazy\" decoding=\"async\" width=\"595\" height=\"842\" src=\"https:\/\/aruinadourada.com\/gdavini\/wp-content\/uploads\/sites\/2\/2023\/02\/Capa-Livro-4.jpg\" class=\"attachment-full size-full\" alt=\"\" srcset=\"https:\/\/aruinadourada.com\/gdavini\/wp-content\/uploads\/sites\/2\/2023\/02\/Capa-Livro-4.jpg 595w, https:\/\/aruinadourada.com\/gdavini\/wp-content\/uploads\/sites\/2\/2023\/02\/Capa-Livro-4-212x300.jpg 212w\" sizes=\"auto, (max-width: 595px) 100vw, 595px\" \/>\t<\/div>\n\t<div class=\"edgt-text-holder\" >\n\t\t<div class=\"edgt-text-holder-table\">\n\t\t\t<div class=\"edgt-text-holder-cell\">\n\t\t\t\t<h3 class=\"edgt-iwt-text\">\n\t\t\t\t\tO Pr\u00f3logo do Livro IV est\u00e1 indispon\u00edvel\t\t\t\t<\/h3>\n\t\t\t<\/div>\n\t\t<\/div>\n\t<\/div>\n<\/div>[\/vc_column][vc_column width=&#8221;1\/6&#8243;][vc_empty_space]<div class=\"edgt-iwt-over edgt-enable-hover-animation\">\n\t\t\t<a href=\"http:\/\/aruinadourada.com\/gdavini\/wp-content\/uploads\/sites\/2\/2023\/02\/Livro-V-Prologo.pdf\" target=\"_blank\"><\/a>\n\t\t<div class=\"edgt-image-holder\">\n\t\t<img loading=\"lazy\" decoding=\"async\" width=\"595\" height=\"842\" src=\"https:\/\/aruinadourada.com\/gdavini\/wp-content\/uploads\/sites\/2\/2023\/02\/Capa-Livro-5.jpg\" class=\"attachment-full size-full\" alt=\"\" srcset=\"https:\/\/aruinadourada.com\/gdavini\/wp-content\/uploads\/sites\/2\/2023\/02\/Capa-Livro-5.jpg 595w, https:\/\/aruinadourada.com\/gdavini\/wp-content\/uploads\/sites\/2\/2023\/02\/Capa-Livro-5-212x300.jpg 212w\" sizes=\"auto, (max-width: 595px) 100vw, 595px\" \/>\t<\/div>\n\t<div class=\"edgt-text-holder\" >\n\t\t<div class=\"edgt-text-holder-table\">\n\t\t\t<div class=\"edgt-text-holder-cell\">\n\t\t\t\t<h3 class=\"edgt-iwt-text\">\n\t\t\t\t\tLer o Pr\u00f3logo do Livro V\t\t\t\t<\/h3>\n\t\t\t<\/div>\n\t\t<\/div>\n\t<\/div>\n<\/div>[\/vc_column][vc_column width=&#8221;1\/6&#8243;][vc_empty_space]<div class=\"edgt-iwt-over edgt-enable-hover-animation\">\n\t\t\t<a href=\"http:\/\/aruinadourada.com\/gdavini\/wp-content\/uploads\/sites\/2\/2023\/02\/Livro-VI-Prologo.pdf\" target=\"_blank\"><\/a>\n\t\t<div class=\"edgt-image-holder\">\n\t\t<img loading=\"lazy\" decoding=\"async\" width=\"595\" height=\"842\" src=\"https:\/\/aruinadourada.com\/gdavini\/wp-content\/uploads\/sites\/2\/2023\/02\/Capa-Livro-6.jpg\" class=\"attachment-full size-full\" alt=\"\" srcset=\"https:\/\/aruinadourada.com\/gdavini\/wp-content\/uploads\/sites\/2\/2023\/02\/Capa-Livro-6.jpg 595w, https:\/\/aruinadourada.com\/gdavini\/wp-content\/uploads\/sites\/2\/2023\/02\/Capa-Livro-6-212x300.jpg 212w\" sizes=\"auto, (max-width: 595px) 100vw, 595px\" \/>\t<\/div>\n\t<div class=\"edgt-text-holder\" >\n\t\t<div class=\"edgt-text-holder-table\">\n\t\t\t<div class=\"edgt-text-holder-cell\">\n\t\t\t\t<h3 class=\"edgt-iwt-text\">\n\t\t\t\t\tLer o Pr\u00f3logo do Livro VI\t\t\t\t<\/h3>\n\t\t\t<\/div>\n\t\t<\/div>\n\t<\/div>\n<\/div>[\/vc_column][\/vc_row]<\/p>\n<\/div>","protected":false},"excerpt":{"rendered":"<p>[vc_row][vc_column][vc_column_text] Asura\u00a0\u00e9 uma saga de terror e fantasia \u00e9pica composta por 7 livros. Ela foi o meu primeiro projeto liter\u00e1rio e come\u00e7ou a ser escrita em 2005, quando eu tinha apenas 13 anos, at\u00e9 ser finalmente interrompida em 2016, depois de 11 anos de trabalho&#8230;<\/p>\n","protected":false},"author":1,"featured_media":0,"parent":0,"menu_order":0,"comment_status":"closed","ping_status":"closed","template":"","meta":{"footnotes":""},"class_list":["post-1107","page","type-page","status-publish","hentry"],"_links":{"self":[{"href":"https:\/\/aruinadourada.com\/gdavini\/wp-json\/wp\/v2\/pages\/1107","targetHints":{"allow":["GET"]}}],"collection":[{"href":"https:\/\/aruinadourada.com\/gdavini\/wp-json\/wp\/v2\/pages"}],"about":[{"href":"https:\/\/aruinadourada.com\/gdavini\/wp-json\/wp\/v2\/types\/page"}],"author":[{"embeddable":true,"href":"https:\/\/aruinadourada.com\/gdavini\/wp-json\/wp\/v2\/users\/1"}],"replies":[{"embeddable":true,"href":"https:\/\/aruinadourada.com\/gdavini\/wp-json\/wp\/v2\/comments?post=1107"}],"version-history":[{"count":18,"href":"https:\/\/aruinadourada.com\/gdavini\/wp-json\/wp\/v2\/pages\/1107\/revisions"}],"predecessor-version":[{"id":1229,"href":"https:\/\/aruinadourada.com\/gdavini\/wp-json\/wp\/v2\/pages\/1107\/revisions\/1229"}],"wp:attachment":[{"href":"https:\/\/aruinadourada.com\/gdavini\/wp-json\/wp\/v2\/media?parent=1107"}],"curies":[{"name":"wp","href":"https:\/\/api.w.org\/{rel}","templated":true}]}}